{"id":3816,"date":"2021-10-29T08:15:42","date_gmt":"2021-10-29T06:15:42","guid":{"rendered":"https:\/\/simulationpartner.se\/start-date\/"},"modified":"2026-05-05T11:57:52","modified_gmt":"2026-05-05T09:57:52","slug":"home","status":"publish","type":"page","link":"https:\/\/simulationpartner.se\/en\/","title":{"rendered":"Home"},"content":{"rendered":"\n<!-- Hero -->\n<section class=\"hero-with-bg\">\n    <img decoding=\"async\" src=\"https:\/\/simulationpartner.se\/wp-content\/uploads\/2025\/09\/hero-image-v9-scaled.png\" alt=\"\" class=\"hero-bg-img\" fetchpriority=\"high\"\/>\n    <div class=\"hero-content\">\n        <div class=\"hero-content-inner\">\n            <p class=\"pre-headline\">From guesswork to measurable results<\/p>\n            <h1>Optimize production with Flow Simulation<\/h1>\n            <p class=\"hero-text\">We build and test your processes digitally. This provides the quantifiable evidence needed to make the right decisions \u2013 whether you are planning a new investment or identifying bottlenecks in your current production. \n            <\/p><div class=\"cta-container\">\n                <a href=\"#solutions\" class=\"btn btn--primary\">Discover our solutions<\/a>\n            <\/div>\n        <\/div>\n    <\/div>\n<\/section>\n\n<!-- F\u00f6rst\u00e5 Varf\u00f6r. Agera smartare. -->\n<section class=\"page-section alt-bg\">\n    <div class=\"container\">\n        <h2 class=\"section-title\">Understand why. Act smarter. <\/h2>\n        <p class=\"section-intro\">Powerful decision-making is based on a deep understanding of your unique system. Our expertise lies in applying flow simulation to highlight specific challenges and opportunities in several key areas: <\/p>\n        <div class=\"accordion-container\">\n            <div class=\"accordion-item\"><button class=\"accordion-button\">Investment analysis<\/button>\n                <div class=\"accordion-panel\">\n                    <p>Validate and compare different layout and equipment options to ensure you make the most profitable investment.<\/p>\n                <\/div>\n            <\/div>\n            <div class=\"accordion-item\"><button class=\"accordion-button\">Bottleneck analysis<\/button>\n                <div class=\"accordion-panel\">\n                    <p>Identify the real, often hidden, bottlenecks in your current system to know exactly where improvement efforts will have the greatest impact.<\/p>\n                <\/div>\n            <\/div>\n            <div class=\"accordion-item\"><button class=\"accordion-button\">Layout &#038; Flow Optimization<\/button>\n                <div class=\"accordion-panel\">\n                    <p>Test and evaluate new logistics flows, warehouse layouts or production setups in a risk-free environment to maximize your production rates and efficiency.<\/p>\n                <\/div>\n            <\/div>\n            <div class=\"accordion-item\"><button class=\"accordion-button\">Staffing &#038; Resource Analysis<\/button>\n                <div class=\"accordion-panel\">\n                    <p>Determine optimal staffing, number of forklifts or other critical resources based on simulated production and demand variations.<\/p>\n                <\/div>\n            <\/div>\n        <\/div>\n    <\/div>\n<\/section>\n\n<!-- V\u00e5ra L\u00f6sningar -->\n<section class=\"page-section\" id=\"solutions\">\n    <div class=\"container\">\n        <h2 class=\"section-title\">Our Solutions<\/h2>\n        <p class=\"section-intro\">We offer two clear paths to give you the insights you need, tailored to your needs for speed, flexibility and budget.<\/p>\n        <div class=\"main-content\">\n            <div class=\"service-card\">\n                <header>\n                    <h3>Product package<\/h3>\n                <\/header>\n                <div class=\"package-grid-outer\">\n                    <div class=\"package-grid-inner\">\n                        <a href=\"https:\/\/simulationpartner.se\/en\/configure-your-product-package\/?package=Budget\" class=\"package-item package-1\"><span class=\"package-name\">Budget<\/span><span class=\"package-price\">19 000&nbsp;SEK<\/span><\/a>\n                        <a href=\"https:\/\/simulationpartner.se\/en\/configure-your-product-package\/?package=Basic\" class=\"package-item package-2\"><span class=\"package-name\">Basic<\/span><span class=\"package-price\">34 000&nbsp;SEK<\/span><\/a>\n                        <a href=\"https:\/\/simulationpartner.se\/en\/configure-your-product-package\/?package=Standard\" class=\"package-item package-3\"><span class=\"package-name\">Standard<\/span><span class=\"package-price\">59 000&nbsp;SEK<\/span><\/a>\n                        <a href=\"https:\/\/simulationpartner.se\/en\/configure-your-product-package\/?package=Pro\" class=\"package-item package-4\"><span class=\"package-name\">Pro<\/span><span class=\"package-price\">109 000&nbsp;SEK<\/span><\/a>\n                        <a href=\"https:\/\/simulationpartner.se\/en\/configure-your-product-package\/?package=Premium\" class=\"package-item package-5\"><span class=\"package-name\">Premium<\/span><span class=\"package-price\">199 000&nbsp;SEK<\/span><\/a>\n                    <\/div>\n                <\/div>\n                <div class=\"card-content\">\n                    <p class=\"card-summary\">Best for: Fast, standardized analyses with fixed price and guaranteed quality.<\/p>\n                    <a href=\"https:\/\/simulationpartner.se\/en\/product-package\/\" class=\"btn btn--secondary\">Read more \u2192<\/a>\n                <\/div>\n            <\/div>\n\n            <div class=\"service-card\">\n                <header>\n                    <h3>Customized projects<\/h3>\n                <\/header>\n                <div class=\"price-info-container\">\n                    <div class=\"price-tag\">\n                        <span class=\"price-tag-heading\">Hourly fee<\/span>\n                        <span class=\"price-tag-subheading\">After needs analysis and quote<\/span>\n                    <\/div>\n                <\/div>\n                <div class=\"card-content\">\n                    <p class=\"card-summary\">Best for: Unique and complex challenges that require a customized solution.<\/p>\n                    <a href=\"https:\/\/simulationpartner.se\/en\/customized-projects\/\" class=\"btn btn--secondary\">Read more \u2192<\/a>\n                <\/div>\n            <\/div>\n        <\/div>\n        <div class=\"main-cta-container\">\n            <a href=\"https:\/\/simulationpartner.se\/en\/our-offer\/#our-solutions\" class=\"btn btn--tertiary\">Compare solutions<\/a>\n        <\/div>\n    <\/div>\n<\/section>\n\n<!-- Expertis utvecklad f\u00f6r er bransch -->\n<section class=\"page-section alt-bg\" id=\"trust\">\n    <div class=\"container\">\n        <h2 class=\"section-title\">Expertise developed for your industry<\/h2>\n        <p class=\"section-intro\">We combine our expertise in flow simulation with a deep understanding of the unique challenges of manufacturing, logistics and warehouse management.<\/p>\n        <div class=\"target-audience-grid\">\n            <div class=\"audience-item\">\n                <img decoding=\"async\" src=\"https:\/\/simulationpartner.se\/wp-content\/uploads\/2023\/08\/Production-line-3_2.webp\" alt=\"Manufacturing industry\"\/>\n                <h3>Manufacturing industry<\/h3>\n            <\/div>\n            <div class=\"audience-item\">\n                <img decoding=\"async\" src=\"https:\/\/simulationpartner.se\/wp-content\/uploads\/2025\/07\/Internlogistik.png\" alt=\"Internal logistics\"\/>\n                <h3>Internal logistics<\/h3>\n            <\/div>\n            <div class=\"audience-item\">\n                <img decoding=\"async\" src=\"https:\/\/simulationpartner.se\/wp-content\/uploads\/2023\/08\/store.webp\" alt=\"Warehouse management\"\/>\n                <h3>Warehouse management<\/h3>\n            <\/div>\n        <\/div>\n        <div class=\"social-proof display-none\">\n            <h5>Companies that trust us<\/h5>\n            <div class=\"logo-bar\">\n                <img decoding=\"async\" src=\"https:\/\/placehold.co\/150x60\/1c1c1c\/444\/F%C3%B6retag%20A\" alt=\"Customer logo\"\/>\n                <img decoding=\"async\" src=\"https:\/\/placehold.co\/150x60\/1c1c1c\/444\/F%C3%B6retag%20B\" alt=\"Customer logo\"\/>\n                <img decoding=\"async\" src=\"https:\/\/placehold.co\/150x60\/1c1c1c\/444\/F%C3%B6retag%20C\" alt=\"Customer logo\"\/>\n                <img decoding=\"async\" src=\"https:\/\/placehold.co\/150x60\/1c1c1c\/444\/F%C3%B6retag%20D\" alt=\"Customer logo\"\/>\n            <\/div>\n        <\/div>\n    <\/div>\n<\/section>\n\n<!-- Fr\u00e5n v\u00e5ra experter -->\n<section class=\"page-section display-none\">\n    <div class=\"container\">\n        <h2 class=\"section-title\">From our experts<\/h2>\n        <p class=\"section-intro\">For those who want to go deeper. Read about our reasoning in our case studies or learn more about the methods we use. <\/p>\n        <div class=\"resource-grid\">\n            <a href=\"#\" class=\"card\">\n                <h3>Customer case: How we optimized X at Company A<\/h3>\n                <p>Through a detailed bottleneck analysis, we were able to increase the production rate by 18% without any major investments.<\/p>\n                <span class=\"link-text\">Read the full case \u2192<\/span>\n            <\/a>\n            <a href=\"#\" class=\"card\">\n                <h3>Article: 5 common mistakes when investing in automation<\/h3>\n                <p>Learn how to avoid the most common pitfalls and ensure the success of your next investment with the help of validation in a digital twin.<\/p>\n                <span class=\"link-text\">Read the article \u2192<\/span>\n            <\/a>\n            <a href=\"#\" class=\"card\">\n                <h3>Our Method: How we build a reliable model<\/h3>\n                <p>Go behind the scenes and see our structured process of data collection, model building, validation and analysis that guarantees a high-quality result.<\/p>\n                <span class=\"link-text\">Explore our process \u2192<\/span>\n            <\/a>\n        <\/div>\n    <\/div>\n<\/section>\n\n<!-- Final cta -->\n<section class=\"page-section final-cta-section\">\n    <div class=\"container\">\n        <h2 class=\"section-title\">Ready to take the next step?<\/h2>\n        <p class=\"section-intro\">Let&#8217;s discuss how we can help you turn your process challenges into quantifiable opportunities.<\/p>\n        <a href=\"https:\/\/simulationpartner.se\/en\/contact\/\" class=\"btn btn--primary\">Contact us for a free meeting<\/a>\n    <\/div>\n<\/section>\n","protected":false},"excerpt":{"rendered":"<p>From guesswork to measurable results Optimize production with Flow Simulation We build and test your processes digitally. This provides the quantifiable evidence needed to make the right decisions \u2013 whether you are planning a new investment or identifying bottlenecks in your current production. Discover our solutions Understand why. Act smarter. Powerful decision-making is based on [&hellip;]<\/p>\n","protected":false},"author":1,"featured_media":0,"parent":0,"menu_order":0,"comment_status":"closed","ping_status":"closed","template":"page-templates\/page-full-width.php","meta":{"inline_featured_image":false,"footnotes":""},"class_list":["post-3816","page","type-page","status-publish","hentry"],"aioseo_notices":[],"_links":{"self":[{"href":"https:\/\/simulationpartner.se\/en\/wp-json\/wp\/v2\/pages\/3816","targetHints":{"allow":["GET"]}}],"collection":[{"href":"https:\/\/simulationpartner.se\/en\/wp-json\/wp\/v2\/pages"}],"about":[{"href":"https:\/\/simulationpartner.se\/en\/wp-json\/wp\/v2\/types\/page"}],"author":[{"embeddable":true,"href":"https:\/\/simulationpartner.se\/en\/wp-json\/wp\/v2\/users\/1"}],"replies":[{"embeddable":true,"href":"https:\/\/simulationpartner.se\/en\/wp-json\/wp\/v2\/comments?post=3816"}],"version-history":[{"count":14,"href":"https:\/\/simulationpartner.se\/en\/wp-json\/wp\/v2\/pages\/3816\/revisions"}],"predecessor-version":[{"id":4855,"href":"https:\/\/simulationpartner.se\/en\/wp-json\/wp\/v2\/pages\/3816\/revisions\/4855"}],"wp:attachment":[{"href":"https:\/\/simulationpartner.se\/en\/wp-json\/wp\/v2\/media?parent=3816"}],"curies":[{"name":"wp","href":"https:\/\/api.w.org\/{rel}","templated":true}]}}